{"id":100,"date":"2018-05-17T17:39:08","date_gmt":"2018-05-17T17:39:08","guid":{"rendered":"https:\/\/www.rentenberatung-at.de\/?page_id=100"},"modified":"2018-05-17T17:42:08","modified_gmt":"2018-05-17T17:42:08","slug":"rente","status":"publish","type":"page","link":"https:\/\/www.rentenberatung-at.de\/?page_id=100","title":{"rendered":"Rente"},"content":{"rendered":"<p><strong>Gesetzliche Rentenversicherung (SGB VI)<\/strong><\/p>\n<p>Ich unterst\u00fctze Sie im Antragsverfahren f\u00fcr alle Altersrenten, Erwerbsminderungs- und Hinterbliebenenrenten. Zudem umfasst meine T\u00e4tigkeit:<\/p>\n<ul>\n<li>die \u00dcberpr\u00fcfung von Rentenbescheiden (auch nach Ablauf der Widerspruchsfrist)<\/li>\n<li>\u00dcberpr\u00fcfung und Vervollst\u00e4ndigung von rentenrechtlichen Zeiten (Kontenkl\u00e4rung)<\/li>\n<li>Beschaffung fehlender Unterlagen und Nachweise<\/li>\n<li>Individuelle Analyse Ihrer aktuellen und zuk\u00fcnftigen Versorgungssituation und Ermittlung des g\u00fcnstigsten Zeitpunktes f\u00fcr den \u00dcbergang in die Rente (z.B. bei Altersteilzeit)<\/li>\n<li>Gestaltung und Rentabilit\u00e4tspr\u00fcfung von freiwilligen Beitragszahlungen<\/li>\n<li>Beratung und Gutachten zum Versorgungsausgleich bei Ehescheidung. Antr\u00e4ge auf Ab\u00e4nderung des Versorgungsausgleiches gem. \u00a7 51 VersAusglG bei Familiengerichten<\/li>\n<li>Beratung von deutschen Versicherten mit vor\u00fcbergehendem oder dauerhaftem Aufenthalt\/Wohnsitz im Ausland<\/li>\n<li>Beratung von in der Bundesrepublik Deutschland versicherten ausl\u00e4ndischen Arbeitnehmern und Familienangeh\u00f6rigen, insbesondere bei R\u00fcckkehr in die Herkunftsl\u00e4nder<\/li>\n<li>Rechtliche Vertretung in Widerspruchs- und Klageverfahren<\/li>\n<\/ul>\n<p>Nehmen Sie mit mir <a href=\"https:\/\/www.rentenberatung-at.de\/?page_id=7\">Kontakt<\/a> auf!<\/p>\n","protected":false},"excerpt":{"rendered":"<p>Gesetzliche Rentenversicherung (SGB VI) Ich unterst\u00fctze Sie im Antragsverfahren f\u00fcr alle Altersrenten, Erwerbsminderungs- und Hinterbliebenenrenten. Zudem umfasst meine T\u00e4tigkeit: die \u00dcberpr\u00fcfung von Rentenbescheiden (auch nach Ablauf der Widerspruchsfrist) \u00dcberpr\u00fcfung und Vervollst\u00e4ndigung von rentenrechtlichen Zeiten (Kontenkl\u00e4rung)<\/p>\n","protected":false},"author":1,"featured_media":0,"parent":0,"menu_order":0,"comment_status":"closed","ping_status":"closed","template":"","meta":{"footnotes":""},"class_list":["post-100","page","type-page","status-publish","hentry"],"_links":{"self":[{"href":"https:\/\/www.rentenberatung-at.de\/index.php?rest_route=\/wp\/v2\/pages\/100","targetHints":{"allow":["GET"]}}],"collection":[{"href":"https:\/\/www.rentenberatung-at.de\/index.php?rest_route=\/wp\/v2\/pages"}],"about":[{"href":"https:\/\/www.rentenberatung-at.de\/index.php?rest_route=\/wp\/v2\/types\/page"}],"author":[{"embeddable":true,"href":"https:\/\/www.rentenberatung-at.de\/index.php?rest_route=\/wp\/v2\/users\/1"}],"replies":[{"embeddable":true,"href":"https:\/\/www.rentenberatung-at.de\/index.php?rest_route=%2Fwp%2Fv2%2Fcomments&post=100"}],"version-history":[{"count":2,"href":"https:\/\/www.rentenberatung-at.de\/index.php?rest_route=\/wp\/v2\/pages\/100\/revisions"}],"predecessor-version":[{"id":103,"href":"https:\/\/www.rentenberatung-at.de\/index.php?rest_route=\/wp\/v2\/pages\/100\/revisions\/103"}],"wp:attachment":[{"href":"https:\/\/www.rentenberatung-at.de\/index.php?rest_route=%2Fwp%2Fv2%2Fmedia&parent=100"}],"curies":[{"name":"wp","href":"https:\/\/api.w.org\/{rel}","templated":true}]}}