{"id":2,"date":"2016-05-10T03:48:21","date_gmt":"2016-05-10T03:48:21","guid":{"rendered":"https:\/\/www.rentenberatung-at.de\/?page_id=2"},"modified":"2026-04-01T05:44:19","modified_gmt":"2026-04-01T05:44:19","slug":"sample-page","status":"publish","type":"page","link":"https:\/\/www.rentenberatung-at.de\/","title":{"rendered":""},"content":{"rendered":"<p><span style=\"color: #ff0000;\"><strong>Liebe MandantInnen,\u00a0<\/strong><\/span><\/p>\n<p><span style=\"color: #ff0000;\"><strong>in der Zeit bis zum 12.04.2026 befinde ich mich im Urlaub.\u00a0<\/strong><\/span><\/p>\n<p><span style=\"color: #ff0000;\"><strong>Sie erreichen mich bis dahin per E-Mail oder \u00fcber das <a style=\"color: #ff0000;\" href=\"https:\/\/www.rentenberatung-at.de\/?page_id=7\">Kontaktformular<\/a> auf dieser Seite.<\/strong><\/span>\u00a0<\/p>\n\n\n<h1 class=\"wp-block-heading\">Kompetenz in Rente Reha Pflege<\/h1>\n\n\n\n<h1 class=\"wp-block-heading\">Sie suchen &#8230;<\/h1>\n\n\n\n<p>einen unabh\u00e4ngigen Experten, der Sie kompetent und verst\u00e4ndlich in allen Fragen der gesetzlichen Rentenversicherung, Krankenversicherung, der sozialen Pflegeversicherung und des Schwerbehindertenrechts ber\u00e4t ?<\/p>\n\n\n\n<h2 class=\"wp-block-heading\">Sie m\u00f6chten &#8230;<\/h2>\n\n\n\n<p>Ihren Rentenbescheid von einem unabh\u00e4ngigen Rentenberater \u00fcberpr\u00fcfen lassen oder wissen, ob es sinnvoll ist, gegen eine ablehnende Rentenentscheidung vorzugehen ?<\/p>\n\n\n\n<h2 class=\"wp-block-heading\">Sie brauchen &#8230;<\/h2>\n\n\n\n<p>rechtlichen Beistand f\u00fcr ein Antrags-, Widerspruchs- oder Klageverfahren ?<\/p>\n\n\n\n<h2 class=\"wp-block-heading\">&#8230; dann kann ich Ihnen helfen &#8211; Willkommen!<\/h2>\n\n\n\n<p>F\u00fcr derartige Fragen und Probleme steht Ihnen Rentenberater Thomas Adamczyk gerne zur Verf\u00fcgung. Ich bin aufgrund meiner Expertise und Berufserfahrung auf das Renten- und Sozialversicherungsrecht spezialisiert und bin daher Ihr richtiger Ansprechpartner, wenn es um Rente, Reha und Pflege geht. Meine Mandanten sch\u00e4tzen vor allem die hohe fachliche Kompetenz und eine gute individuelle Betreuung.<\/p>\n\n\n\n<p>In Klage- und Berufungsverfahren vertrete ich als Prozessbevollm\u00e4chtigter Ihre Interessen vor allen deutschen Sozial- bzw. Landessozialgerichten.<\/p>\n\n\n\n<p>Zum Mandantenspektrum z\u00e4hlen neben Privatpersonen insbesondere Selbstst\u00e4ndige, Freiberufler und K\u00fcnstler, aber auch Unternehmen, Vereine und Verb\u00e4nde.<\/p>\n\n\n\n<p>Nutzen Sie also die M\u00f6glichkeit, sich in pers\u00f6nlicher Atmosph\u00e4re unabh\u00e4ngig und vertraulich beraten zu lassen. Rentenberater sind zur absoluten Verschwiegenheit verpflichtet!<\/p>\n\n\n\n<p>Damit ich mir f\u00fcr Ihre Fragen gen\u00fcgend Zeit nehmen kann, bitte ich um vorherige Terminvereinbarung. Neben der pers\u00f6nlichen Beratung in meinem B\u00fcro in Krefeld ist auch die Beratung per Telefon oder Internet m\u00f6glich.<\/p>\n\n\n\n<p>Kontaktieren Sie mich ganz unverbindlich telefonisch oder per E-Mail, damit ich mich pers\u00f6nlich um Ihr Anliegen k\u00fcmmern kann.<\/p>\n\n\n\n<p>Ich freue mich auf Ihre Nachricht.<\/p>\n\n\n\n<p><\/p>\n","protected":false},"excerpt":{"rendered":"<p>Liebe MandantInnen,\u00a0 in der Zeit bis zum 12.04.2026 befinde ich mich im Urlaub.\u00a0 Sie erreichen mich bis dahin per E-Mail oder \u00fcber das Kontaktformular auf dieser Seite.\u00a0 Kompetenz in Rente Reha Pflege Sie suchen &#8230;<\/p>\n","protected":false},"author":1,"featured_media":0,"parent":0,"menu_order":1,"comment_status":"closed","ping_status":"closed","template":"","meta":{"footnotes":""},"class_list":["post-2","page","type-page","status-publish","hentry"],"_links":{"self":[{"href":"https:\/\/www.rentenberatung-at.de\/index.php?rest_route=\/wp\/v2\/pages\/2","targetHints":{"allow":["GET"]}}],"collection":[{"href":"https:\/\/www.rentenberatung-at.de\/index.php?rest_route=\/wp\/v2\/pages"}],"about":[{"href":"https:\/\/www.rentenberatung-at.de\/index.php?rest_route=\/wp\/v2\/types\/page"}],"author":[{"embeddable":true,"href":"https:\/\/www.rentenberatung-at.de\/index.php?rest_route=\/wp\/v2\/users\/1"}],"replies":[{"embeddable":true,"href":"https:\/\/www.rentenberatung-at.de\/index.php?rest_route=%2Fwp%2Fv2%2Fcomments&post=2"}],"version-history":[{"count":20,"href":"https:\/\/www.rentenberatung-at.de\/index.php?rest_route=\/wp\/v2\/pages\/2\/revisions"}],"predecessor-version":[{"id":214,"href":"https:\/\/www.rentenberatung-at.de\/index.php?rest_route=\/wp\/v2\/pages\/2\/revisions\/214"}],"wp:attachment":[{"href":"https:\/\/www.rentenberatung-at.de\/index.php?rest_route=%2Fwp%2Fv2%2Fmedia&parent=2"}],"curies":[{"name":"wp","href":"https:\/\/api.w.org\/{rel}","templated":true}]}}