{"id":39,"date":"2018-05-01T17:18:30","date_gmt":"2018-05-01T17:18:30","guid":{"rendered":"https:\/\/www.rentenberatung-at.de\/?page_id=39"},"modified":"2018-05-05T19:50:40","modified_gmt":"2018-05-05T19:50:40","slug":"schwerbehinderung","status":"publish","type":"page","link":"https:\/\/www.rentenberatung-at.de\/?page_id=39","title":{"rendered":"Schwerbehinderung"},"content":{"rendered":"<p>Gerne berate ich Sie auch zu allen Fragen der <strong>Schwerbehinderung<\/strong>.<\/p>\n<p>Im Verfahren der Rehabilitation und Teilhabe behinderter Menschen (geregelt im Sozialgesetzbuch IX) stehe ich Ihnen zu folgenden Themen gerne zur Verf\u00fcgung:<\/p>\n<ul>\n<li>Allgemeine Beratung zum Schutzbereich des SGB IX<\/li>\n<li>Durchf\u00fchrung von Antragsverfahren zur Anerkennung der Schwerbehinderteneigenschaft (Schwerbehindertenausweis und Merkzeichen), anschlie\u00dfend<\/li>\n<li>\u00dcberpr\u00fcfung der Einstufung des Grades der Behinderung (GdB) und<\/li>\n<li>Rechtliche Vertretung im Widerspruchs- und Klageverfahren<\/li>\n<li>Leistungen der medizinischen Rehabilitation (Heilbehandlung, Kuren, Hilfsmittel)<\/li>\n<li>Leistungen zur Teilhabe am Arbeitsleben (Berufliche Aus- und Weiterbildung, Arbeitshilfen, Leistungen an Arbeitgeber etc.)<\/li>\n<li>Beratung zu Regelungen des SGB IX (z.B. Kraftfahrzeughilfe, Parkausweis und Parkerleichterungen, unentgeltliche \u00d6PNV-Bef\u00f6rderung, GEZ-Geb\u00fchrenbefreiung, Steuererm\u00e4\u00dfigungen etc.)<\/li>\n<\/ul>\n","protected":false},"excerpt":{"rendered":"<p>Gerne berate ich Sie auch zu allen Fragen der Schwerbehinderung. Im Verfahren der Rehabilitation und Teilhabe behinderter Menschen (geregelt im Sozialgesetzbuch IX) stehe ich Ihnen zu folgenden Themen gerne zur Verf\u00fcgung: Allgemeine Beratung zum Schutzbereich<\/p>\n","protected":false},"author":1,"featured_media":0,"parent":0,"menu_order":4,"comment_status":"closed","ping_status":"closed","template":"","meta":{"footnotes":""},"class_list":["post-39","page","type-page","status-publish","hentry"],"_links":{"self":[{"href":"https:\/\/www.rentenberatung-at.de\/index.php?rest_route=\/wp\/v2\/pages\/39","targetHints":{"allow":["GET"]}}],"collection":[{"href":"https:\/\/www.rentenberatung-at.de\/index.php?rest_route=\/wp\/v2\/pages"}],"about":[{"href":"https:\/\/www.rentenberatung-at.de\/index.php?rest_route=\/wp\/v2\/types\/page"}],"author":[{"embeddable":true,"href":"https:\/\/www.rentenberatung-at.de\/index.php?rest_route=\/wp\/v2\/users\/1"}],"replies":[{"embeddable":true,"href":"https:\/\/www.rentenberatung-at.de\/index.php?rest_route=%2Fwp%2Fv2%2Fcomments&post=39"}],"version-history":[{"count":1,"href":"https:\/\/www.rentenberatung-at.de\/index.php?rest_route=\/wp\/v2\/pages\/39\/revisions"}],"predecessor-version":[{"id":40,"href":"https:\/\/www.rentenberatung-at.de\/index.php?rest_route=\/wp\/v2\/pages\/39\/revisions\/40"}],"wp:attachment":[{"href":"https:\/\/www.rentenberatung-at.de\/index.php?rest_route=%2Fwp%2Fv2%2Fmedia&parent=39"}],"curies":[{"name":"wp","href":"https:\/\/api.w.org\/{rel}","templated":true}]}}