{"id":7,"date":"2018-03-24T10:22:43","date_gmt":"2018-03-24T10:22:43","guid":{"rendered":"https:\/\/www.rentenberatung-at.de\/?page_id=7"},"modified":"2024-11-01T13:29:03","modified_gmt":"2024-11-01T13:29:03","slug":"kontakt","status":"publish","type":"page","link":"https:\/\/www.rentenberatung-at.de\/?page_id=7","title":{"rendered":"Kontakt"},"content":{"rendered":"\n<p>Sie erreichen mich telefonisch unter<\/p>\n\n\n\n<h3 class=\"wp-block-heading\"><strong>02151-4021229<\/strong><\/h3>\n\n\n\n<p><strong>Unter der Nummer l\u00e4uft h\u00e4ufig eine Mailbox, mit der Bitte, weitere Nachrichten \u00fcber das hier verlinkte Kontaktformular oder die angegebene E-Mail-Adresse zu senden. <\/strong><\/p>\n\n\n\n<p>Kontakt per E-Mail an:<\/p>\n\n\n\n<h3 class=\"wp-block-heading\">info@rentenberatung-at.de<\/h3>\n\n\n\n<h4 class=\"wp-block-heading\">Sie k\u00f6nnen auch dieses <a href=\"https:\/\/www.rentenberatung-at.de\/?page_id=47\">Kontaktformular<\/a> verwenden und bei Bedarf Dokumente \u00fcbermitteln.<\/h4>\n\n\n\n<hr class=\"wp-block-separator has-alpha-channel-opacity\"\/>\n\n\n\n<p>Die Beratungen finden entweder in der<\/p>\n\n\n\n<h4 class=\"wp-block-heading\">Grenzstr. 47, 47799 Krefeld (R\u00e4umlichkeiten der INTEGRAL Beratung)<\/h4>\n\n\n\n<p><iframe loading=\"lazy\" style=\"border: 0;\" src=\"https:\/\/www.google.com\/maps\/embed?pb=!4v1705323058540!6m8!1m7!1sFiTG-LDdAzGYTp_ZUxGMVg!2m2!1d51.33657968848244!2d6.587173565828139!3f85.87048!4f0!5f0.7820865974627469\" width=\"600\" height=\"450\" allowfullscreen=\"allowfullscreen\"><\/iframe><\/p>\n\n\n\n<h4 class=\"wp-block-heading\">oder in den R\u00e4umen der Live &amp; Learn Sprachschule, W\u00fcstrathstr. 10, 47829 Krefeld-Uerdingen, statt.<\/h4>\n\n\n\n<p><iframe loading=\"lazy\" style=\"border: 0;\" src=\"https:\/\/www.google.com\/maps\/embed?pb=!4v1705322890539!6m8!1m7!1souy93IM52BAaVq7Oij19jQ!2m2!1d51.35373297453567!2d6.643167083014068!3f304.28!4f0!5f0.7820865974627469\" width=\"600\" height=\"450\" allowfullscreen=\"allowfullscreen\"><\/iframe><br>\nNennen Sie mir gerne bereits bei der Terminvereinbarung Ihren Wunschort.<\/p>\n\n\n\n<p><span style=\"font-size: inherit; color: var(--text-color); font-family: var(--text-font);\">Allgemeine Informationen zu entstehenden Kosten finden Sie auf <\/span><a style=\"font-size: inherit; font-family: var(--text-font);\" href=\"https:\/\/www.rentenberatung-at.de\/?page_id=123\">dieser Seite<\/a><span style=\"font-size: inherit; color: var(--text-color); font-family: var(--text-font);\">.<\/span><\/p>\n\n\n\n<p><\/p>\n","protected":false},"excerpt":{"rendered":"<p>Sie erreichen mich telefonisch unter 02151-4021229 Unter der Nummer l\u00e4uft h\u00e4ufig eine Mailbox, mit der Bitte, weitere Nachrichten \u00fcber das hier verlinkte Kontaktformular oder die angegebene E-Mail-Adresse zu senden. Kontakt per E-Mail an: info@rentenberatung-at.de Sie<\/p>\n","protected":false},"author":1,"featured_media":0,"parent":0,"menu_order":5,"comment_status":"closed","ping_status":"closed","template":"","meta":{"footnotes":""},"class_list":["post-7","page","type-page","status-publish","hentry"],"_links":{"self":[{"href":"https:\/\/www.rentenberatung-at.de\/index.php?rest_route=\/wp\/v2\/pages\/7","targetHints":{"allow":["GET"]}}],"collection":[{"href":"https:\/\/www.rentenberatung-at.de\/index.php?rest_route=\/wp\/v2\/pages"}],"about":[{"href":"https:\/\/www.rentenberatung-at.de\/index.php?rest_route=\/wp\/v2\/types\/page"}],"author":[{"embeddable":true,"href":"https:\/\/www.rentenberatung-at.de\/index.php?rest_route=\/wp\/v2\/users\/1"}],"replies":[{"embeddable":true,"href":"https:\/\/www.rentenberatung-at.de\/index.php?rest_route=%2Fwp%2Fv2%2Fcomments&post=7"}],"version-history":[{"count":20,"href":"https:\/\/www.rentenberatung-at.de\/index.php?rest_route=\/wp\/v2\/pages\/7\/revisions"}],"predecessor-version":[{"id":211,"href":"https:\/\/www.rentenberatung-at.de\/index.php?rest_route=\/wp\/v2\/pages\/7\/revisions\/211"}],"wp:attachment":[{"href":"https:\/\/www.rentenberatung-at.de\/index.php?rest_route=%2Fwp%2Fv2%2Fmedia&parent=7"}],"curies":[{"name":"wp","href":"https:\/\/api.w.org\/{rel}","templated":true}]}}