{"id":76,"date":"2018-05-06T16:38:05","date_gmt":"2018-05-06T16:38:05","guid":{"rendered":"https:\/\/www.rentenberatung-at.de\/?page_id=76"},"modified":"2018-05-06T16:39:45","modified_gmt":"2018-05-06T16:39:45","slug":"berufsbild-rentenberater","status":"publish","type":"page","link":"https:\/\/www.rentenberatung-at.de\/?page_id=76","title":{"rendered":"Berufsbild Rentenberater"},"content":{"rendered":"<p><strong>Das Berufsbild des Rentenberaters oder: Was macht ein Rentenberater?<\/strong><\/p>\n<p>Die T\u00e4tigkeit des Rentenberaters ist im <a href=\"https:\/\/www.gesetze-im-internet.de\/rdg\/\" target=\"_blank\" rel=\"noopener\">Rechtsdienstleistungsgesetz (RDG)<\/a> geregelt. Rentenberater k\u00f6nnen auf dem Gebiet der gesetzlichen Renten- und Unfallversicherung, des sozialen Entsch\u00e4digungsrechts, des \u00fcbrigen Sozialversicherungs- und Schwerbehindertenrechts mit Bezug zu einer gesetzlichen Rente sowie betrieblichen und berufsst\u00e4ndischen Versorgung t\u00e4tig werden.<\/p>\n<p><strong>Rentenberater<\/strong><\/p>\n<ul>\n<li>stehen als unabh\u00e4ngige Vertreter f\u00fcr die Interessen ihrer Mandanten ein<\/li>\n<li>\u00fcben einen gesch\u00fctzten Beruf aus. Nur entsprechend registrierte Personen d\u00fcrften die Berufsbezeichnung \u201eRentenberater\u201c f\u00fchren.<\/li>\n<li>sind im <a href=\"http:\/\/www.rechtsdienstleistungsregister.de\/\" target=\"_blank\" rel=\"noopener\">Rechtsdienstleistungsregister<\/a> registriert<\/li>\n<li>rechnen nach dem <a href=\"https:\/\/www.gesetze-im-internet.de\/rvg\/\" target=\"_blank\" rel=\"noopener\">Rechtsanwaltsverg\u00fctungsgesetz (RVG)<\/a> ab<\/li>\n<li>unterliegen der Aufsicht der Registrierungsbeh\u00f6rde<\/li>\n<\/ul>\n<p><strong>Fachkompetenz des Rentenberaters<\/strong><\/p>\n<p>Um als Rentenberater durch die Aufsichtsbeh\u00f6rde (in NRW ist dies das \u00f6rtlich zust\u00e4ndige Oberlandesgericht) zugelassen zu werden, muss die Person besondere Fachkompetenz auf den oben aufgef\u00fchrten Rechtsgebieten aufweisen. Dazu sind Aufbau, Gliederung und Strukturprinzipien der sozialen Sicherung sowie Kenntnisse der gemeinsamen, f\u00fcr alle Sozialleistungsbereiche geltenden Rechtsgrunds\u00e4tze einschlie\u00dflich des sozialrechtlichen Verwaltungsverfahrens und des sozialgerichtlichen Verfahrens nachzuweisen.<\/p>\n<p><strong>Weitere Voraussetzungen<\/strong><\/p>\n<p>Neben der theoretischen und praktischen Sachkunde muss der Rentenberater die pers\u00f6nliche Eignung und Zuverl\u00e4ssigkeit besitzen. Schlie\u00dflich ist eine Berufshaftpflichtversicherung nachzuweisen mit einer Mindestversicherungssumme von 250.000 Euro f\u00fcr jeden Versicherungsfall.<\/p>\n","protected":false},"excerpt":{"rendered":"<p>Das Berufsbild des Rentenberaters oder: Was macht ein Rentenberater? Die T\u00e4tigkeit des Rentenberaters ist im Rechtsdienstleistungsgesetz (RDG) geregelt. Rentenberater k\u00f6nnen auf dem Gebiet der gesetzlichen Renten- und Unfallversicherung, des sozialen Entsch\u00e4digungsrechts, des \u00fcbrigen Sozialversicherungs- und<\/p>\n","protected":false},"author":1,"featured_media":0,"parent":0,"menu_order":0,"comment_status":"closed","ping_status":"closed","template":"","meta":{"footnotes":""},"class_list":["post-76","page","type-page","status-publish","hentry"],"_links":{"self":[{"href":"https:\/\/www.rentenberatung-at.de\/index.php?rest_route=\/wp\/v2\/pages\/76","targetHints":{"allow":["GET"]}}],"collection":[{"href":"https:\/\/www.rentenberatung-at.de\/index.php?rest_route=\/wp\/v2\/pages"}],"about":[{"href":"https:\/\/www.rentenberatung-at.de\/index.php?rest_route=\/wp\/v2\/types\/page"}],"author":[{"embeddable":true,"href":"https:\/\/www.rentenberatung-at.de\/index.php?rest_route=\/wp\/v2\/users\/1"}],"replies":[{"embeddable":true,"href":"https:\/\/www.rentenberatung-at.de\/index.php?rest_route=%2Fwp%2Fv2%2Fcomments&post=76"}],"version-history":[{"count":3,"href":"https:\/\/www.rentenberatung-at.de\/index.php?rest_route=\/wp\/v2\/pages\/76\/revisions"}],"predecessor-version":[{"id":146,"href":"https:\/\/www.rentenberatung-at.de\/index.php?rest_route=\/wp\/v2\/pages\/76\/revisions\/146"}],"wp:attachment":[{"href":"https:\/\/www.rentenberatung-at.de\/index.php?rest_route=%2Fwp%2Fv2%2Fmedia&parent=76"}],"curies":[{"name":"wp","href":"https:\/\/api.w.org\/{rel}","templated":true}]}}